{"id":44,"date":"2016-07-24T17:21:44","date_gmt":"2016-07-24T16:21:44","guid":{"rendered":"http:\/\/www.sandra-leboissetier-couture.com\/?page_id=44"},"modified":"2016-07-28T19:13:05","modified_gmt":"2016-07-28T18:13:05","slug":"44-2","status":"publish","type":"page","link":"https:\/\/www.sandra-leboissetier-couture.com\/index.php\/44-2\/","title":{"rendered":"Sandra Leboissetier"},"content":{"rendered":"<p><img loading=\"lazy\" class=\"alignleft size-full wp-image-73\" src=\"http:\/\/www.sandra-leboissetier-couture.com\/wp-content\/uploads\/2016\/07\/samedi-012-Copie.jpg\" alt=\"samedi-012 - Copie\" width=\"414\" height=\"614\" srcset=\"https:\/\/www.sandra-leboissetier-couture.com\/wp-content\/uploads\/2016\/07\/samedi-012-Copie.jpg 414w, https:\/\/www.sandra-leboissetier-couture.com\/wp-content\/uploads\/2016\/07\/samedi-012-Copie-202x300.jpg 202w\" sizes=\"(max-width: 414px) 100vw, 414px\" \/>C\u2019est d\u00e8s l\u2019\u00e2ge de 12 ans que la cr\u00e9atrice dessine et coud, \u00e0 16 ans elle remporte d\u00e9j\u00e0 un prix pour la cr\u00e9ation d\u2019une Robe de Mari\u00e9e, et ce sp\u00e9cialise avec passion en Stylisme Mod\u00e9lisme pendant 5 ann\u00e9es d\u2019\u00e9tudes.<\/p>\n<p>Elle commence au sein des grandes Maisons de Couture.<\/p>\n<p>En 1996, elle cr\u00e9e sa griffe Sandra Leboissetier Couture pour des cr\u00e9ations uniques et Sur Mesure dans le 7<sup>\u00e8me<\/sup>arrondissement de Paris.<\/p>\n<p>Aujourd\u2019hui install\u00e9e dans le 15<sup>\u00e8me<\/sup>arrondissement, elle dessine et r\u00e9alise des collections chic et couture avec l\u2019assurance de ses 20ans d\u2019exp\u00e9rience.<\/p>\n<p>Sur rendez vous, elle vous cr\u00e9e des pi\u00e8ces uniques en Sur Mesure, elle s\u2019inspire de vous, de l\u2019\u00e9v\u00e9nement, de votre morphologie et des tissus qui vous subliment.<\/p>\n<p>De la 1<sup>\u00e8re<\/sup> Toile \u00e0 la version d\u00e9finitive sa fibre cr\u00e9atrice vous accompagnera dans vos plus beaux instants, toujours avec la m\u00eame passion dans l\u2019\u00e9l\u00e9gance et le raffinement.<\/p>\n<p>&nbsp;<\/p>\n","protected":false},"excerpt":{"rendered":"<p>C\u2019est d\u00e8s l\u2019\u00e2ge de 12 ans que la cr\u00e9atrice dessine et coud, \u00e0 16 ans elle remporte d\u00e9j\u00e0 un prix pour la cr\u00e9ation d\u2019une Robe de Mari\u00e9e, et ce sp\u00e9cialise avec passion en Stylisme Mod\u00e9lisme pendant 5 ann\u00e9es d\u2019\u00e9tudes. Elle commence au sein des grandes Maisons de Couture. En 1996, elle cr\u00e9e sa griffe Sandra <a class=\"more-link\" href=\"https:\/\/www.sandra-leboissetier-couture.com\/index.php\/44-2\/\">Continue reading <i class=\"fa fa-chevron-right\"><\/i><\/a><\/p>\n","protected":false},"author":1,"featured_media":73,"parent":0,"menu_order":0,"comment_status":"closed","ping_status":"closed","template":"page-fullwidth.php","meta":[],"_links":{"self":[{"href":"https:\/\/www.sandra-leboissetier-couture.com\/index.php\/wp-json\/wp\/v2\/pages\/44"}],"collection":[{"href":"https:\/\/www.sandra-leboissetier-couture.com\/index.php\/wp-json\/wp\/v2\/pages"}],"about":[{"href":"https:\/\/www.sandra-leboissetier-couture.com\/index.php\/wp-json\/wp\/v2\/types\/page"}],"author":[{"embeddable":true,"href":"https:\/\/www.sandra-leboissetier-couture.com\/index.php\/wp-json\/wp\/v2\/users\/1"}],"replies":[{"embeddable":true,"href":"https:\/\/www.sandra-leboissetier-couture.com\/index.php\/wp-json\/wp\/v2\/comments?post=44"}],"version-history":[{"count":12,"href":"https:\/\/www.sandra-leboissetier-couture.com\/index.php\/wp-json\/wp\/v2\/pages\/44\/revisions"}],"predecessor-version":[{"id":79,"href":"https:\/\/www.sandra-leboissetier-couture.com\/index.php\/wp-json\/wp\/v2\/pages\/44\/revisions\/79"}],"wp:featuredmedia":[{"embeddable":true,"href":"https:\/\/www.sandra-leboissetier-couture.com\/index.php\/wp-json\/wp\/v2\/media\/73"}],"wp:attachment":[{"href":"https:\/\/www.sandra-leboissetier-couture.com\/index.php\/wp-json\/wp\/v2\/media?parent=44"}],"curies":[{"name":"wp","href":"https:\/\/api.w.org\/{rel}","templated":true}]}}