{"id":329,"date":"2017-12-17T17:49:39","date_gmt":"2017-12-17T16:49:39","guid":{"rendered":"http:\/\/www.sandra-leboissetier-couture.com\/?page_id=329"},"modified":"2017-12-17T20:38:22","modified_gmt":"2017-12-17T19:38:22","slug":"creations-sur-mesure","status":"publish","type":"page","link":"https:\/\/www.sandra-leboissetier-couture.com\/index.php\/creations-sur-mesure\/","title":{"rendered":"Le Sur Mesure"},"content":{"rendered":"<p><img loading=\"lazy\" class=\"alignleft size-full wp-image-73\" src=\"http:\/\/www.sandra-leboissetier-couture.com\/wp-content\/uploads\/2016\/07\/samedi-012-Copie.jpg\" alt=\"samedi-012 - Copie\" width=\"414\" height=\"614\" srcset=\"https:\/\/www.sandra-leboissetier-couture.com\/wp-content\/uploads\/2016\/07\/samedi-012-Copie.jpg 414w, https:\/\/www.sandra-leboissetier-couture.com\/wp-content\/uploads\/2016\/07\/samedi-012-Copie-202x300.jpg 202w\" sizes=\"(max-width: 414px) 100vw, 414px\" \/><\/p>\n<p>Une Robe Sur Mesure est une robe unique enti\u00e8rement r\u00e9alis\u00e9e de A \u00e0 Z dans notre atelier parisien.<br \/>\nC\u2019est une robe qui va vous sublimer par une coupe adapt\u00e9e qui vous mettra en valeur.<\/p>\n<p>_ Le premier rendez-vous (environ 1H)<br \/>\n.D\u00e9couvrir les diff\u00e9rentes Collections (essayage)<br \/>\n.R\u00e9alisation de vos croquis, en fonction de votre \u00e9v\u00e8nement, de vos go\u00fbts, de votre morphologie<br \/>\nEt des tissus qui vous subliment. Possibilit\u00e9 de cr\u00e9er \u00e9galement vos accessoires assortis.<br \/>\n.Pr\u00e9sentation du devis.<br \/>\n.Prise de mesure.<\/p>\n<p>_ Le deuxi\u00e8me rendez-vous (environ 1H30)<br \/>\n.Essayage de votre mod\u00e8le en toile de coton.<br \/>\n.R\u00e9glages, \u00e9pinglages, d\u00e9coupe des d\u00e9collet\u00e9s\u2026<\/p>\n<p>_ Le troisi\u00e8me rendez-vous (environ 1H30)<br \/>\n.Essayage de votre cr\u00e9ation dans le tissu final.<br \/>\n.Epinglages des longueurs, drap\u00e9s, incrustation de dentelle\u2026<\/p>\n<p>_ Le quatri\u00e8me rendez-vous (environ 1H)<br \/>\n.Cr\u00e9ation termin\u00e9e (et finitions parfaites) .<br \/>\n.Livraison de votre Robe unique juste pour vous.<\/p>\n<p>&nbsp;<\/p>\n<p><a href=\"http:\/\/www.sandra-leboissetier-couture.com\/index.php\/creation-sur-mesure-galeries-photos\/\"><strong>Acc\u00e9der \u00e0 la galerie de photos<\/strong><\/a><\/p>\n<p><a href=\"http:\/\/www.sandra-leboissetier-couture.com\/index.php\/contact\/\"><strong>Prendre rendez vous<\/strong><\/a><\/p>\n","protected":false},"excerpt":{"rendered":"<p>Une Robe Sur Mesure est une robe unique enti\u00e8rement r\u00e9alis\u00e9e de A \u00e0 Z dans notre atelier parisien. C\u2019est une robe qui va vous sublimer par une coupe adapt\u00e9e qui vous mettra en valeur. _ Le premier rendez-vous (environ 1H) .D\u00e9couvrir les diff\u00e9rentes Collections (essayage) .R\u00e9alisation de vos croquis, en fonction de votre \u00e9v\u00e8nement, de <a class=\"more-link\" href=\"https:\/\/www.sandra-leboissetier-couture.com\/index.php\/creations-sur-mesure\/\">Continue reading <i class=\"fa fa-chevron-right\"><\/i><\/a><\/p>\n","protected":false},"author":1,"featured_media":0,"parent":0,"menu_order":0,"comment_status":"closed","ping_status":"closed","template":"","meta":[],"_links":{"self":[{"href":"https:\/\/www.sandra-leboissetier-couture.com\/index.php\/wp-json\/wp\/v2\/pages\/329"}],"collection":[{"href":"https:\/\/www.sandra-leboissetier-couture.com\/index.php\/wp-json\/wp\/v2\/pages"}],"about":[{"href":"https:\/\/www.sandra-leboissetier-couture.com\/index.php\/wp-json\/wp\/v2\/types\/page"}],"author":[{"embeddable":true,"href":"https:\/\/www.sandra-leboissetier-couture.com\/index.php\/wp-json\/wp\/v2\/users\/1"}],"replies":[{"embeddable":true,"href":"https:\/\/www.sandra-leboissetier-couture.com\/index.php\/wp-json\/wp\/v2\/comments?post=329"}],"version-history":[{"count":4,"href":"https:\/\/www.sandra-leboissetier-couture.com\/index.php\/wp-json\/wp\/v2\/pages\/329\/revisions"}],"predecessor-version":[{"id":337,"href":"https:\/\/www.sandra-leboissetier-couture.com\/index.php\/wp-json\/wp\/v2\/pages\/329\/revisions\/337"}],"wp:attachment":[{"href":"https:\/\/www.sandra-leboissetier-couture.com\/index.php\/wp-json\/wp\/v2\/media?parent=329"}],"curies":[{"name":"wp","href":"https:\/\/api.w.org\/{rel}","templated":true}]}}